{"id":78,"date":"2018-10-16T14:27:53","date_gmt":"2018-10-16T14:27:53","guid":{"rendered":"http:\/\/nikron.wavenet.com.ar\/?page_id=78"},"modified":"2025-05-23T12:43:19","modified_gmt":"2025-05-23T12:43:19","slug":"novedades","status":"publish","type":"page","link":"https:\/\/nikron.com.ar\/?page_id=78","title":{"rendered":"NOVEDADES"},"content":{"rendered":"<p>[vc_row][vc_column css=&#8221;.vc_custom_1748003168483{background-color: #ffffff !important;}&#8221;][vc_column_text]<strong>\u00bfPerd\u00e9s stock en tus silos?<\/strong>\u00a0Tom\u00e1 el control con el nuevo\u00a0<i><strong>Esc\u00e1ner\u00a0<span class=\"il\">3D<\/span>\u00a0de APM\u00a0<\/strong>que\u00a0<\/i>incorpora tecnolog\u00eda para medir s\u00f3lidos y polvos almacenados en silos y dep\u00f3sitos abiertos de todo tipo de configuraci\u00f3n, lo que permite tener informaci\u00f3n certera y tomar decisiones adecuadas.<\/p>\n<p><img loading=\"lazy\" decoding=\"async\" class=\"alignnone wp-image-121\" src=\"https:\/\/nikron.com.ar\/wp-content\/uploads\/2025\/05\/apm_scanner_nikron_sudamericana-01-300x262.jpg\" alt=\"\" width=\"537\" height=\"469\" srcset=\"https:\/\/nikron.com.ar\/wp-content\/uploads\/2025\/05\/apm_scanner_nikron_sudamericana-01-300x262.jpg 300w, https:\/\/nikron.com.ar\/wp-content\/uploads\/2025\/05\/apm_scanner_nikron_sudamericana-01-1024x893.jpg 1024w, https:\/\/nikron.com.ar\/wp-content\/uploads\/2025\/05\/apm_scanner_nikron_sudamericana-01-768x670.jpg 768w, https:\/\/nikron.com.ar\/wp-content\/uploads\/2025\/05\/apm_scanner_nikron_sudamericana-01-1536x1339.jpg 1536w, https:\/\/nikron.com.ar\/wp-content\/uploads\/2025\/05\/apm_scanner_nikron_sudamericana-01-167x146.jpg 167w, https:\/\/nikron.com.ar\/wp-content\/uploads\/2025\/05\/apm_scanner_nikron_sudamericana-01-50x44.jpg 50w, https:\/\/nikron.com.ar\/wp-content\/uploads\/2025\/05\/apm_scanner_nikron_sudamericana-01-86x75.jpg 86w, https:\/\/nikron.com.ar\/wp-content\/uploads\/2025\/05\/apm_scanner_nikron_sudamericana-01.jpg 1648w\" sizes=\"auto, (max-width: 537px) 100vw, 537px\" \/><\/p>\n<table role=\"presentation\" border=\"0\" width=\"100%\" cellspacing=\"0\" cellpadding=\"0\">\n<tbody>\n<tr>\n<td align=\"left\">\n<div>\n<p style=\"text-align: left;\">El<strong>\u00a03DLevelScanner de APM<\/strong> es el \u00fanico dispositivo disponible en la actualidad que proporciona mediciones precisas de s\u00f3lidos a granel y polvos independientemente del tipo de material o tipo y tama\u00f1o de silo de almacenamiento, contenedor o recipiente. Act\u00faa por encima de las \u00a0dificultades del entorno de almacenamiento. Incorpora la tecnolog\u00eda de penetraci\u00f3n de polvo de APM para lograr un grado inigualable de medici\u00f3n de procesos y control de inventario.<\/p>\n<p><strong>APLICACIONES INDUSTRIALES<\/strong><\/p>\n<p><strong>Procesado de alimentos &#8211; Granos y semillas &#8211; Cemento y \u00e1ridos &#8211; Qu\u00edmica &#8211; Bioenerg\u00eda- Fabricaci\u00f3n de pl\u00e1sticos &#8211; Energ\u00eda &#8211; Carb\u00f3n &#8211; Pasta y papel &#8211; Petroqu\u00edmica &#8211; Miner\u00eda &#8211; Metalurgia<\/strong><\/p>\n<\/div>\n<\/td>\n<\/tr>\n<\/tbody>\n<\/table>\n<p>&nbsp;[\/vc_column_text][\/vc_column][\/vc_row][vc_row][vc_column][vc_video link=&#8221;https:\/\/www.youtube.com\/watch?v=AoJQwokgoj0&#8243;][\/vc_column][\/vc_row][vc_row][vc_column]<div class=\"call_to_action\"><div class=\"call_to_action_wrapper\"><div class=\"call_left\"><h3><\/h3><\/div><div class=\"call_center\"><a href=\"https:\/\/nikron.com.ar\/automacion\/contacto\/\" class=\"button button_js \"  ><span class=\"button_label\">MAS INFORMACION<\/span><\/a><\/div><div class=\"call_right\"><div class=\"desc\"><\/div><\/div><\/div><\/div>\n[\/vc_column][\/vc_row]<\/p>\n","protected":false},"excerpt":{"rendered":"<p>[vc_row][vc_column css=&#8221;.vc_custom_1748003168483{background-color: #ffffff !important;}&#8221;][vc_column_text]\u00bfPerd\u00e9s stock en tus silos?\u00a0Tom\u00e1 el control con el nuevo\u00a0Esc\u00e1ner\u00a03D\u00a0de APM\u00a0que\u00a0incorpora tecnolog\u00eda para medir s\u00f3lidos y polvos almacenados en silos y dep\u00f3sitos abiertos<span class=\"excerpt-hellip\"> [\u2026]<\/span><\/p>\n","protected":false},"author":1,"featured_media":0,"parent":0,"menu_order":0,"comment_status":"closed","ping_status":"closed","template":"","meta":{"footnotes":""},"class_list":["post-78","page","type-page","status-publish","hentry"],"_links":{"self":[{"href":"https:\/\/nikron.com.ar\/index.php?rest_route=\/wp\/v2\/pages\/78","targetHints":{"allow":["GET"]}}],"collection":[{"href":"https:\/\/nikron.com.ar\/index.php?rest_route=\/wp\/v2\/pages"}],"about":[{"href":"https:\/\/nikron.com.ar\/index.php?rest_route=\/wp\/v2\/types\/page"}],"author":[{"embeddable":true,"href":"https:\/\/nikron.com.ar\/index.php?rest_route=\/wp\/v2\/users\/1"}],"replies":[{"embeddable":true,"href":"https:\/\/nikron.com.ar\/index.php?rest_route=%2Fwp%2Fv2%2Fcomments&post=78"}],"version-history":[{"count":7,"href":"https:\/\/nikron.com.ar\/index.php?rest_route=\/wp\/v2\/pages\/78\/revisions"}],"predecessor-version":[{"id":127,"href":"https:\/\/nikron.com.ar\/index.php?rest_route=\/wp\/v2\/pages\/78\/revisions\/127"}],"wp:attachment":[{"href":"https:\/\/nikron.com.ar\/index.php?rest_route=%2Fwp%2Fv2%2Fmedia&parent=78"}],"curies":[{"name":"wp","href":"https:\/\/api.w.org\/{rel}","templated":true}]}}